{"id":23,"date":"2014-07-01T10:29:53","date_gmt":"2014-07-01T08:29:53","guid":{"rendered":"https:\/\/pre-con.hu\/de\/?page_id=23"},"modified":"2014-07-01T10:31:24","modified_gmt":"2014-07-01T08:31:24","slug":"firmendaten","status":"publish","type":"page","link":"https:\/\/pre-con.hu\/de\/firmendaten\/","title":{"rendered":"Firmendaten"},"content":{"rendered":"<table border=\"2\">\n<tbody>\n<tr>\n<td><strong>Firma<\/strong><\/td>\n<td>\u00a0Pre-Con Restaur\u00e1tor GmbH.<\/td>\n<\/tr>\n<tr>\n<td><strong>Gek\u00fcrzt:<\/strong><\/td>\n<td>\u00a0Pre-Con GmbH.<\/td>\n<\/tr>\n<tr>\n<td>\u00a0<\/td>\n<td>\u00a0<\/td>\n<\/tr>\n<tr>\n<td><strong>Adresse:<\/strong><\/td>\n<td>\u00a01077 Budapest, Baross t\u00e9r 14. \/III.em.\/23<\/td>\n<\/tr>\n<tr>\n<td><strong>Postanschrift:<\/strong><\/td>\n<td>\u00a01077 Budapest, Baross t\u00e9r 14. \/III.em.\/23.<\/td>\n<\/tr>\n<tr>\n<td>\u00a0<\/td>\n<td>\u00a0<\/td>\n<\/tr>\n<tr>\n<td><strong>FirmenregisterNr.::<\/strong><\/td>\n<td><a title=\"PRE-CON Kft. - E-cegjegyzek.hu\" href=\"http:\/\/www.e-cegjegyzek.hu\" target=\"_blank\">\u00a001-09-990244<\/a><\/td>\n<\/tr>\n<tr>\n<td><strong>UST-ID:<\/strong><\/td>\n<td>\u00a024095787-2-42<\/td>\n<\/tr>\n<tr>\n<td><strong>EU USt-ID-Nr.<\/strong><\/td>\n<td><a title=\"EU ad\u00f3sz\u00e1m ellen\u0151rz\u00e9s\" href=\"http:\/\/ec.europa.eu\/taxation_customs\/vies\/?locale=hu\" target=\"_blank\">\u00a0HU24095787<\/a><\/td>\n<\/tr>\n<tr>\n<\/tr>\n<tr>\n<td>\u00a0<\/td>\n<td>\u00a0<\/td>\n<\/tr>\n<tr>\n<td><strong>Gegr\u00fcndet im Jahr:<\/strong><\/td>\n<td>\u00a02003.<\/td>\n<\/tr>\n<tr>\n<td>\u00a0<\/td>\n<td>\u00a0<\/td>\n<\/tr>\n<tr>\n<td><strong>Vertreten von<\/strong><\/td>\n<td>\u00a0Frau Zs\u00f3fia Edit HAJDU<\/td>\n<\/tr>\n<tr>\n<td>\u00a0<\/td>\n<td>\u00a0<\/td>\n<\/tr>\n<tr>\n<td><strong>Kontonummer IBAN:<\/strong><\/td>\n<td>\u00a0HU87-10900011-00000005-52100003<\/td>\n<\/tr>\n<tr>\n<td><strong>Bank:<\/strong><\/td>\n<td>\u00a0<a title=\"UniCredit Bank Hungary Zrt.\" href=\"http:\/\/www.unicreditbank.hu\" target=\"_blank\">Unicredit Bank Hungary Zrt.<\/a><\/td>\n<\/tr>\n<tr>\n<td><strong>Bank adresse:<\/strong><\/td>\n<td>\u00a0H-1111 Budapest, L\u00e1gym\u00e1nyosi u. 1-3.<\/td>\n<\/tr>\n<tr>\n<td><strong>SWIFT:<\/strong><\/td>\n<td>\u00a0BACXHUHB<\/td>\n<\/tr>\n<\/tbody>\n<\/table>\n","protected":false},"excerpt":{"rendered":"<p>Firma \u00a0Pre-Con Restaur\u00e1tor GmbH. Gek\u00fcrzt: \u00a0Pre-Con GmbH. \u00a0 \u00a0 Adresse: \u00a01077 Budapest, Baross t\u00e9r 14. \/III.em.\/23 Postanschrift: \u00a01077 Budapest, Baross t\u00e9r 14. \/III.em.\/23. \u00a0 \u00a0 FirmenregisterNr.:: \u00a001-09-990244 UST-ID: \u00a024095787-2-42 EU USt-ID-Nr. \u00a0HU24095787 \u00a0 \u00a0 Gegr\u00fcndet im Jahr: \u00a02003. \u00a0 \u00a0&hellip;<\/p>\n","protected":false},"author":1,"featured_media":0,"parent":0,"menu_order":0,"comment_status":"open","ping_status":"open","template":"","meta":{"footnotes":""},"class_list":["post-23","page","type-page","status-publish","hentry"],"aioseo_notices":[],"_links":{"self":[{"href":"https:\/\/pre-con.hu\/de\/wp-json\/wp\/v2\/pages\/23","targetHints":{"allow":["GET"]}}],"collection":[{"href":"https:\/\/pre-con.hu\/de\/wp-json\/wp\/v2\/pages"}],"about":[{"href":"https:\/\/pre-con.hu\/de\/wp-json\/wp\/v2\/types\/page"}],"author":[{"embeddable":true,"href":"https:\/\/pre-con.hu\/de\/wp-json\/wp\/v2\/users\/1"}],"replies":[{"embeddable":true,"href":"https:\/\/pre-con.hu\/de\/wp-json\/wp\/v2\/comments?post=23"}],"version-history":[{"count":2,"href":"https:\/\/pre-con.hu\/de\/wp-json\/wp\/v2\/pages\/23\/revisions"}],"predecessor-version":[{"id":25,"href":"https:\/\/pre-con.hu\/de\/wp-json\/wp\/v2\/pages\/23\/revisions\/25"}],"wp:attachment":[{"href":"https:\/\/pre-con.hu\/de\/wp-json\/wp\/v2\/media?parent=23"}],"curies":[{"name":"wp","href":"https:\/\/api.w.org\/{rel}","templated":true}]}}