{"id":33,"date":"2014-07-01T10:48:09","date_gmt":"2014-07-01T08:48:09","guid":{"rendered":"https:\/\/pre-con.hu\/de\/?page_id=33"},"modified":"2014-07-01T10:48:09","modified_gmt":"2014-07-01T08:48:09","slug":"einfuhrung","status":"publish","type":"page","link":"https:\/\/pre-con.hu\/de\/einfuhrung\/","title":{"rendered":"Einf\u00fchrung"},"content":{"rendered":"<p>Bedauerlicherweise wendet man sich im allgemeinen erstesmal an den Restaurator dann, wenn irgendein Problem um den Zustand des Kunstwerkes auftaucht. Dies kann eine pl\u00f6tzlich entstandene Besch\u00e4digung sein, z.B. durch Feuer oder Wasser, die Entdeckung der Ergebnisse eines l\u00e4ngeren Vorgangs (biologische Infektion, nicht angemessene Lagerungsumst\u00e4nde), oder nur einfach ein sich in schlechtem Zustand befindener Kunstwerk.<\/p>\n<p>In diesen F\u00e4llen ist eine offensichtliche L\u00f6sung, sich an Fachmann \u2013 an Restaurator zu wenden, der entsprechend seiner Ausbildung daf\u00fcr f\u00e4hig ist, den Gegenstand zu restaurieren, d.h. m\u00f6glicherweise ihn in einen dem jetztigen vorangegangenen Zustand zur\u00fcckzusetzen, bzw. einen Zustand f\u00fcr eine bestimmte Zeit zu konservieren.<\/p>\n<p>Aber denkt man daran, was f\u00fcr Gr\u00fcnde und Umst\u00e4nde zu der Besch\u00e4digung des Kunstwerks gef\u00fchrt haben, oder mit was f\u00fcr einem Schaden wir zu tun haben, und ob dieser Schaden (falls ja, wie!) h\u00e4tte vermieden werden k\u00f6nnen?<\/p>\n<p>Als Ergebnis der Besch\u00e4digungen wird in das \u201eLeben\u201d des Kunstwerks erneut grob eingegriffen \u2013 n\u00e4mlich durch die Restaurierung! Nach meiner Erfahrung tauchen diese Fragen selten und im allgemeinen zu sp\u00e4t auf, deshalb m\u00f6chte ich nachfolgend einige Probleme und deren L\u00f6sungen beleuchten.<\/p>\n","protected":false},"excerpt":{"rendered":"<p>Bedauerlicherweise wendet man sich im allgemeinen erstesmal an den Restaurator dann, wenn irgendein Problem um den Zustand des Kunstwerkes auftaucht. Dies kann eine pl\u00f6tzlich entstandene Besch\u00e4digung sein, z.B. durch Feuer oder Wasser, die Entdeckung der Ergebnisse eines l\u00e4ngeren Vorgangs (biologische&hellip;<\/p>\n","protected":false},"author":1,"featured_media":0,"parent":0,"menu_order":0,"comment_status":"open","ping_status":"open","template":"","meta":{"footnotes":""},"class_list":["post-33","page","type-page","status-publish","hentry"],"aioseo_notices":[],"_links":{"self":[{"href":"https:\/\/pre-con.hu\/de\/wp-json\/wp\/v2\/pages\/33","targetHints":{"allow":["GET"]}}],"collection":[{"href":"https:\/\/pre-con.hu\/de\/wp-json\/wp\/v2\/pages"}],"about":[{"href":"https:\/\/pre-con.hu\/de\/wp-json\/wp\/v2\/types\/page"}],"author":[{"embeddable":true,"href":"https:\/\/pre-con.hu\/de\/wp-json\/wp\/v2\/users\/1"}],"replies":[{"embeddable":true,"href":"https:\/\/pre-con.hu\/de\/wp-json\/wp\/v2\/comments?post=33"}],"version-history":[{"count":1,"href":"https:\/\/pre-con.hu\/de\/wp-json\/wp\/v2\/pages\/33\/revisions"}],"predecessor-version":[{"id":34,"href":"https:\/\/pre-con.hu\/de\/wp-json\/wp\/v2\/pages\/33\/revisions\/34"}],"wp:attachment":[{"href":"https:\/\/pre-con.hu\/de\/wp-json\/wp\/v2\/media?parent=33"}],"curies":[{"name":"wp","href":"https:\/\/api.w.org\/{rel}","templated":true}]}}