{"id":70,"date":"2014-07-01T11:19:51","date_gmt":"2014-07-01T09:19:51","guid":{"rendered":"https:\/\/pre-con.hu\/de\/?page_id=70"},"modified":"2014-07-02T16:18:03","modified_gmt":"2014-07-02T14:18:03","slug":"kontakt","status":"publish","type":"page","link":"https:\/\/pre-con.hu\/de\/kontakt\/","title":{"rendered":"Kontakt"},"content":{"rendered":"<td><span style=\"font-size: medium;\"><strong><span style=\"font-size: large;\">Kontakt<\/span><br \/><\/strong><\/span><br \/><span style=\"font-size: medium;\"><strong>Pre-Con Restaur\u00e1tor GmbH<\/strong><\/span><br \/><span style=\"font-size: medium;\"><strong>Zs\u00f3fia Edit HAJDU, Gesch\u00e4ftsf\u00fchrerin:<\/strong><\/span><\/p>\n<p><span style=\"font-size: medium;\"><strong>TelefonNr:<\/strong> +36-20-34-44-368<\/span><br \/><span style=\"font-size: medium;\"><strong>E-mail:<\/strong> info@pre-con.hu<\/span><\/p>\n<p><span style=\"font-size: medium;\"><strong>Adresse:<\/strong> <\/span><br \/><span style=\"font-size: medium;\">1077 Budapest, Baross t\u00e9r 14., Ungarn<\/span><\/p>\n<p><span style=\"font-size: medium;\"><strong>F\u00fcr die Messung und die Anfrage m\u00fcssen mit vorherige Telephon abstimmen.<\/strong><\/span><\/p>\n<\/td>\n","protected":false},"excerpt":{"rendered":"<p>KontaktPre-Con Restaur\u00e1tor GmbHZs\u00f3fia Edit HAJDU, Gesch\u00e4ftsf\u00fchrerin: TelefonNr: +36-20-34-44-368E-mail: info@pre-con.hu Adresse: 1077 Budapest, Baross t\u00e9r 14., Ungarn F\u00fcr die Messung und die Anfrage m\u00fcssen mit vorherige Telephon abstimmen.<\/p>\n","protected":false},"author":1,"featured_media":0,"parent":0,"menu_order":0,"comment_status":"open","ping_status":"open","template":"","meta":{"footnotes":""},"class_list":["post-70","page","type-page","status-publish","hentry"],"aioseo_notices":[],"_links":{"self":[{"href":"https:\/\/pre-con.hu\/de\/wp-json\/wp\/v2\/pages\/70","targetHints":{"allow":["GET"]}}],"collection":[{"href":"https:\/\/pre-con.hu\/de\/wp-json\/wp\/v2\/pages"}],"about":[{"href":"https:\/\/pre-con.hu\/de\/wp-json\/wp\/v2\/types\/page"}],"author":[{"embeddable":true,"href":"https:\/\/pre-con.hu\/de\/wp-json\/wp\/v2\/users\/1"}],"replies":[{"embeddable":true,"href":"https:\/\/pre-con.hu\/de\/wp-json\/wp\/v2\/comments?post=70"}],"version-history":[{"count":2,"href":"https:\/\/pre-con.hu\/de\/wp-json\/wp\/v2\/pages\/70\/revisions"}],"predecessor-version":[{"id":90,"href":"https:\/\/pre-con.hu\/de\/wp-json\/wp\/v2\/pages\/70\/revisions\/90"}],"wp:attachment":[{"href":"https:\/\/pre-con.hu\/de\/wp-json\/wp\/v2\/media?parent=70"}],"curies":[{"name":"wp","href":"https:\/\/api.w.org\/{rel}","templated":true}]}}