{"id":14,"date":"2014-07-01T11:31:36","date_gmt":"2014-07-01T09:31:36","guid":{"rendered":"https:\/\/pre-con.hu\/fr\/?page_id=14"},"modified":"2014-07-01T21:50:26","modified_gmt":"2014-07-01T19:50:26","slug":"index","status":"publish","type":"page","link":"https:\/\/pre-con.hu\/fr\/","title":{"rendered":"Index"},"content":{"rendered":"<table style=\"width: 955px; height: 260px;\" border=\"0\">\n<tbody>\n<tr>\n<td>\n<p><span style=\"font-size: medium;\"><strong><a title=\"Nemzeti Kultur\u00e1lis Alap (NKA) K\u00f6zgy\u0171jtem\u00e9nyek Koll\u00e9gium\u00e1nak P\u00e1ly\u00e1zati Felh\u00edv\u00e1sa 2013\" href=\"https:\/\/pre-con.hu\/nka-palyazat-kozgyujtemenyek-kollegiuma-2013\"><span style=\"font-size: large; color: #ff0000;\"><span style=\"color: #ff0000;\">\u00a0<\/span><\/span><\/a><\/strong><\/span><strong>\u00a0\u00a0\u00a0\u00a0\u00a0\u00a0\u00a0\u00a0\u00a0\u00a0\u00a0\u00a0\u00a0\u00a0\u00a0\u00a0\u00a0\u00a0\u00a0 \u00a0 \u00a0 \u00a0 \u00a0 \u00a0 \u00a0 \u00a0 \u00a0 \u00a0 \u00a0 \u00a0 \u00a0 \u00a0 \u00a0 \u00a0 \u00a0 \u00a0 \u00a0 \u00a0 \u00a0 \u00a0 \u00a0 \u00a0 \u00a0 \u00a0 \u00a0 \u00a0 \u00a0 \u00a0 \u00a0 \u00a0 \u00a0 \u00a0\u00a0\u00a0\u00a0\u00a0\u00a0\u00a0\u00a0\u00a0\u00a0\u00a0\u00a0\u00a0\u00a0\u00a0\u00a0\u00a0\u00a0\u00a0\u00a0\u00a0\u00a0\u00a0\u00a0\u00a0\u00a0\u00a0\u00a0\u00a0\u00a0\u00a0\u00a0\u00a0\u00a0\u00a0\u00a0\u00a0\u00a0\u00a0\u00a0\u00a0\u00a0\u00a0\u00a0\u00a0\u00a0\u00a0\u00a0 <\/strong><strong style=\"color: #ff0000;\"><span style=\"font-size: medium;\"><br \/><\/span><\/strong><\/p>\n<\/td>\n<td><span style=\"font-size: large;\"><strong>Projekte<\/strong><\/span><br \/><span style=\"font-size: medium;\">&#8211; K\u00f6zponti Statisztikai Hivatal, k\u00f6nyvrestaur\u00e1l\u00e1s<\/span><br \/><span style=\"font-size: medium;\">&#8211; Sz\u00e9pm\u0171v\u00e9szeti M\u00fazeum, k\u00f6nyvrestaur\u00e1l\u00e1s<\/span><br \/><span style=\"font-size: medium;\">&#8211; Damjanich M\u00fazeum, k\u00f6nyvrestaur\u00e1l\u00e1s<\/span><br \/><span style=\"font-size: medium;\">&#8211; Hermann Ott\u00f3 M\u00fazeum, t\u00e9rk\u00e9prestaur\u00e1l\u00e1s<\/span><br \/><span style=\"font-size: medium;\">&#8211; Szent Atan\u00e1z G\u00f6r\u00f6g Katolikus Hittudom\u00e1nyi F\u0151iskola K\u00f6nyvt\u00e1ra, \u00e1llom\u00e1nyv\u00e9delem<\/span><br \/><span style=\"font-size: medium;\">&#8211; Verseghy Ferenc Megyei K\u00f6nyvt\u00e1r, k\u00f6nyvrestaur\u00e1l\u00e1s<\/span><br \/><span style=\"font-size: medium;\">&#8211; K\u00f6zponti Piarista K\u00f6nyvt\u00e1r, \u00e1llom\u00e1nyv\u00e9delem<\/span><br \/><span style=\"font-size: medium;\">&#8211; Honv\u00e9delmi Miniszt\u00e9rium Hadt\u00f6rt\u00e9neti Int\u00e9zet \u00e9s M\u00fazeum Hadt\u00f6rt\u00e9neti K\u00f6nyvt\u00e1r<\/span><\/td>\n<td><span style=\"font-size: medium;\"><strong><span style=\"font-size: large;\">Contact<\/span><br \/><\/strong><\/span><br \/><span style=\"font-size: medium;\"><strong>Pre-Con Restaur\u00e1tor Ltd.<\/strong><\/span><br \/><span style=\"font-size: medium;\"><strong>Hajdu Zs\u00f3fia Edit, directeur g\u00e9n\u00e9ral:<\/strong><\/span><\/p>\n<p><span style=\"font-size: medium;\"><strong>Portable:<\/strong> +36-20-34-44-368<\/span><br \/><span style=\"font-size: medium;\"><strong>Adresse e-mail:<\/strong> info@pre-con.hu<\/span><\/p>\n<p><span style=\"font-size: medium;\"><strong>Adresse postale:<\/strong> <\/span><br \/><span style=\"font-size: medium;\">1077 Budapest, Baross t\u00e9r 14.<\/span><\/p>\n<p><span style=\"font-size: medium;\">Si vous voulez demander une offre de prix, merci de nous contacter par t\u00e9l\u00e9phone en avance.<strong><\/strong><\/span><\/p>\n<\/td>\n<\/tr>\n<\/tbody>\n<\/table>\n","protected":false},"excerpt":{"rendered":"<p>\u00a0\u00a0\u00a0\u00a0\u00a0\u00a0\u00a0\u00a0\u00a0\u00a0\u00a0\u00a0\u00a0\u00a0\u00a0\u00a0\u00a0\u00a0\u00a0\u00a0 \u00a0 \u00a0 \u00a0 \u00a0 \u00a0 \u00a0 \u00a0 \u00a0 \u00a0 \u00a0 \u00a0 \u00a0 \u00a0 \u00a0 \u00a0 \u00a0 \u00a0 \u00a0 \u00a0 \u00a0 \u00a0 \u00a0 \u00a0 \u00a0 \u00a0 \u00a0 \u00a0 \u00a0 \u00a0 \u00a0 \u00a0 \u00a0 \u00a0\u00a0\u00a0\u00a0\u00a0\u00a0\u00a0\u00a0\u00a0\u00a0\u00a0\u00a0\u00a0\u00a0\u00a0\u00a0\u00a0\u00a0\u00a0\u00a0\u00a0\u00a0\u00a0\u00a0\u00a0\u00a0\u00a0\u00a0\u00a0\u00a0\u00a0\u00a0\u00a0\u00a0\u00a0\u00a0\u00a0\u00a0\u00a0\u00a0\u00a0\u00a0\u00a0\u00a0\u00a0\u00a0\u00a0\u00a0 Projekte&#8211; K\u00f6zponti Statisztikai Hivatal, k\u00f6nyvrestaur\u00e1l\u00e1s&#8211; Sz\u00e9pm\u0171v\u00e9szeti&hellip;<\/p>\n","protected":false},"author":1,"featured_media":0,"parent":0,"menu_order":0,"comment_status":"open","ping_status":"open","template":"","meta":{"footnotes":""},"class_list":["post-14","page","type-page","status-publish","hentry"],"aioseo_notices":[],"_links":{"self":[{"href":"https:\/\/pre-con.hu\/fr\/wp-json\/wp\/v2\/pages\/14","targetHints":{"allow":["GET"]}}],"collection":[{"href":"https:\/\/pre-con.hu\/fr\/wp-json\/wp\/v2\/pages"}],"about":[{"href":"https:\/\/pre-con.hu\/fr\/wp-json\/wp\/v2\/types\/page"}],"author":[{"embeddable":true,"href":"https:\/\/pre-con.hu\/fr\/wp-json\/wp\/v2\/users\/1"}],"replies":[{"embeddable":true,"href":"https:\/\/pre-con.hu\/fr\/wp-json\/wp\/v2\/comments?post=14"}],"version-history":[{"count":2,"href":"https:\/\/pre-con.hu\/fr\/wp-json\/wp\/v2\/pages\/14\/revisions"}],"predecessor-version":[{"id":74,"href":"https:\/\/pre-con.hu\/fr\/wp-json\/wp\/v2\/pages\/14\/revisions\/74"}],"wp:attachment":[{"href":"https:\/\/pre-con.hu\/fr\/wp-json\/wp\/v2\/media?parent=14"}],"curies":[{"name":"wp","href":"https:\/\/api.w.org\/{rel}","templated":true}]}}