{"id":23,"date":"2014-07-01T11:44:38","date_gmt":"2014-07-01T09:44:38","guid":{"rendered":"https:\/\/pre-con.hu\/fr\/?page_id=23"},"modified":"2014-07-01T11:46:44","modified_gmt":"2014-07-01T09:46:44","slug":"donnees-dentreprise","status":"publish","type":"page","link":"https:\/\/pre-con.hu\/fr\/donnees-dentreprise\/","title":{"rendered":"Donn\u00e9es d\u2019Entreprise"},"content":{"rendered":"<table border=\"2\">\n<tbody>\n<tr>\n<td><strong>Nom d\u2019entreprise:<\/strong><\/td>\n<td>\u00a0Pre-Con Restaur\u00e1tor Ltd.<\/td>\n<\/tr>\n<tr>\n<td><strong>Nom bref:<\/strong><\/td>\n<td>\u00a0Pre-Con Ltd.<\/td>\n<\/tr>\n<tr>\n<td>\u00a0<\/td>\n<td>\u00a0<\/td>\n<\/tr>\n<tr>\n<td><strong>Si\u00e8ge:<\/strong><\/td>\n<td>\u00a01077 Budapest, Baross t\u00e9r 14. \/III.em.\/23.<\/td>\n<\/tr>\n<tr>\n<td><strong>Adresse postale:<\/strong><\/td>\n<td>\u00a01077 Budapest, Baross t\u00e9r 14. \/III.em.\/23.<\/td>\n<\/tr>\n<tr>\n<td>\u00a0<\/td>\n<td>\u00a0<\/td>\n<\/tr>\n<tr>\n<td><strong>Num\u00e9ro d\u2019entreprise:<\/strong><\/td>\n<td><a title=\"PRE-CON Kft. - E-cegjegyzek.hu\" href=\"http:\/\/www.e-cegjegyzek.hu\" target=\"_blank\">\u00a001-09-990244<\/a><\/td>\n<\/tr>\n<tr>\n<td><strong>Num\u00e9ro de TVA:<\/strong><\/td>\n<td>\u00a024095787-2-42<\/td>\n<\/tr>\n<tr>\n<td><strong>Num\u00e9ro de TVA (EU):<\/strong><\/td>\n<td><a title=\"EU ad\u00f3sz\u00e1m ellen\u0151rz\u00e9s\" href=\"http:\/\/ec.europa.eu\/taxation_customs\/vies\/?locale=hu\" target=\"_blank\">\u00a0HU24095787<\/a><\/td>\n<\/tr>\n<tr>\n<td>\u00a0<\/td>\n<td>\u00a0<\/td>\n<\/tr>\n<tr>\n<td><strong>Fond\u00e9e en:<\/strong><\/td>\n<td>\u00a02003.<\/td>\n<\/tr>\n<tr>\n<td>\u00a0<\/td>\n<td>\u00a0<\/td>\n<\/tr>\n<tr>\n<td><strong>Abonn\u00e9 par:<\/strong><\/td>\n<td>\u00a0Hajdu Zs\u00f3fia Edit, directeur g\u00e9n\u00e9ral<\/td>\n<\/tr>\n<tr>\n<td>\u00a0<\/td>\n<td>\u00a0<\/td>\n<\/tr>\n<tr>\n<td><strong>IBAN:<\/strong><\/td>\n<td>\u00a0HU87-10900011-00000005-52100003<\/td>\n<\/tr>\n<tr>\n<td><strong>Nom de banque:<\/strong><\/td>\n<td>\u00a0<a title=\"UniCredit Bank Hungary Zrt.\" href=\"http:\/\/www.unicreditbank.hu\" target=\"_blank\">Unicredit Bank Hungary Zrt.<\/a><\/td>\n<\/tr>\n<tr>\n<td><strong>Adresse bancaire:<\/strong><\/td>\n<td>\u00a0H-1111 Budapest, L\u00e1gym\u00e1nyosi u. 1-3.<\/td>\n<\/tr>\n<tr>\n<td><strong>SWIFT:<\/strong><\/td>\n<td> BACXHUHB<\/td>\n<tr>\n<\/tr>\n<\/tbody>\n<\/table>\n","protected":false},"excerpt":{"rendered":"<p>Nom d\u2019entreprise: \u00a0Pre-Con Restaur\u00e1tor Ltd. Nom bref: \u00a0Pre-Con Ltd. \u00a0 \u00a0 Si\u00e8ge: \u00a01077 Budapest, Baross t\u00e9r 14. \/III.em.\/23. Adresse postale: \u00a01077 Budapest, Baross t\u00e9r 14. \/III.em.\/23. \u00a0 \u00a0 Num\u00e9ro d\u2019entreprise: \u00a001-09-990244 Num\u00e9ro de TVA: \u00a024095787-2-42 Num\u00e9ro de TVA (EU): \u00a0HU24095787&hellip;<\/p>\n","protected":false},"author":1,"featured_media":0,"parent":0,"menu_order":0,"comment_status":"open","ping_status":"open","template":"","meta":{"footnotes":""},"class_list":["post-23","page","type-page","status-publish","hentry"],"aioseo_notices":[],"_links":{"self":[{"href":"https:\/\/pre-con.hu\/fr\/wp-json\/wp\/v2\/pages\/23","targetHints":{"allow":["GET"]}}],"collection":[{"href":"https:\/\/pre-con.hu\/fr\/wp-json\/wp\/v2\/pages"}],"about":[{"href":"https:\/\/pre-con.hu\/fr\/wp-json\/wp\/v2\/types\/page"}],"author":[{"embeddable":true,"href":"https:\/\/pre-con.hu\/fr\/wp-json\/wp\/v2\/users\/1"}],"replies":[{"embeddable":true,"href":"https:\/\/pre-con.hu\/fr\/wp-json\/wp\/v2\/comments?post=23"}],"version-history":[{"count":4,"href":"https:\/\/pre-con.hu\/fr\/wp-json\/wp\/v2\/pages\/23\/revisions"}],"predecessor-version":[{"id":27,"href":"https:\/\/pre-con.hu\/fr\/wp-json\/wp\/v2\/pages\/23\/revisions\/27"}],"wp:attachment":[{"href":"https:\/\/pre-con.hu\/fr\/wp-json\/wp\/v2\/media?parent=23"}],"curies":[{"name":"wp","href":"https:\/\/api.w.org\/{rel}","templated":true}]}}