{"id":35,"date":"2014-07-01T12:06:12","date_gmt":"2014-07-01T10:06:12","guid":{"rendered":"https:\/\/pre-con.hu\/fr\/?page_id=35"},"modified":"2014-07-01T12:06:12","modified_gmt":"2014-07-01T10:06:12","slug":"introduction","status":"publish","type":"page","link":"https:\/\/pre-con.hu\/fr\/introduction\/","title":{"rendered":"Introduction"},"content":{"rendered":"<p>En g\u00e9n\u00e9ral, la premi\u00e8re rencontre avec le restaurateur se r\u00e9alise au cas o\u00f9 un probl\u00e8me se produit dans l\u2019\u00e9tat des \u0153uvres d\u2019art. \u00c7a peut \u00eatre des d\u00e9g\u00e2ts soudains caus\u00e9 par un feu ou des eaux, aussi que le r\u00e9sultat d\u2019un proc\u00e8s plus long (une infection biologique, des conditions de stockage insuffisantes) ou simplement un \u0153uvre d\u2019art en mauvaise \u00e9tat. <\/p>\n<p>Dans ces cas, il devient \u00e9vident de contacter un restaurateur, qui est capable de restaurer l\u2019objet, c\u2019est-\u00e0-dire, remettre l\u2019objet a son \u00e9tat pr\u00e9c\u00e9dent ou conserver son \u00e9tat pour un certain temps.<\/p>\n<p>Cependant, est-ce qu\u2019on consid\u00e8re les causes et les conditions entrainant les d\u00e9g\u00e2ts de l\u2019objet, ou le caract\u00e8re des d\u00e9g\u00e2ts, ou si on pouvait \u00e9viter les d\u00e9g\u00e2ts (et comment), qui ont r\u00e9sult\u00e9 la restauration &#8211; une autre intervention brutale \u00e1 la vie de l\u2019objet d\u2019art? <\/p>\n<p>D\u2019apr\u00e8s notre exp\u00e9rience, ces questions se montent rarement et trop tard. C\u2019est pour cela, nous voudrions attirer votre attention aux suivants.<\/p>\n","protected":false},"excerpt":{"rendered":"<p>En g\u00e9n\u00e9ral, la premi\u00e8re rencontre avec le restaurateur se r\u00e9alise au cas o\u00f9 un probl\u00e8me se produit dans l\u2019\u00e9tat des \u0153uvres d\u2019art. \u00c7a peut \u00eatre des d\u00e9g\u00e2ts soudains caus\u00e9 par un feu ou des eaux, aussi que le r\u00e9sultat d\u2019un&hellip;<\/p>\n","protected":false},"author":1,"featured_media":0,"parent":0,"menu_order":0,"comment_status":"open","ping_status":"open","template":"","meta":{"footnotes":""},"class_list":["post-35","page","type-page","status-publish","hentry"],"aioseo_notices":[],"_links":{"self":[{"href":"https:\/\/pre-con.hu\/fr\/wp-json\/wp\/v2\/pages\/35","targetHints":{"allow":["GET"]}}],"collection":[{"href":"https:\/\/pre-con.hu\/fr\/wp-json\/wp\/v2\/pages"}],"about":[{"href":"https:\/\/pre-con.hu\/fr\/wp-json\/wp\/v2\/types\/page"}],"author":[{"embeddable":true,"href":"https:\/\/pre-con.hu\/fr\/wp-json\/wp\/v2\/users\/1"}],"replies":[{"embeddable":true,"href":"https:\/\/pre-con.hu\/fr\/wp-json\/wp\/v2\/comments?post=35"}],"version-history":[{"count":1,"href":"https:\/\/pre-con.hu\/fr\/wp-json\/wp\/v2\/pages\/35\/revisions"}],"predecessor-version":[{"id":36,"href":"https:\/\/pre-con.hu\/fr\/wp-json\/wp\/v2\/pages\/35\/revisions\/36"}],"wp:attachment":[{"href":"https:\/\/pre-con.hu\/fr\/wp-json\/wp\/v2\/media?parent=35"}],"curies":[{"name":"wp","href":"https:\/\/api.w.org\/{rel}","templated":true}]}}