{"id":38,"date":"2014-07-01T12:07:50","date_gmt":"2014-07-01T10:07:50","guid":{"rendered":"https:\/\/pre-con.hu\/fr\/?page_id=38"},"modified":"2014-07-01T12:07:50","modified_gmt":"2014-07-01T10:07:50","slug":"quest-ce-quil-faut-faire-au-cas-dun-degat","status":"publish","type":"page","link":"https:\/\/pre-con.hu\/fr\/quest-ce-quil-faut-faire-au-cas-dun-degat\/","title":{"rendered":"Qu\u2019est-ce qu\u2019il faut faire au cas d\u2019un d\u00e9g\u00e2t?"},"content":{"rendered":"<p>Apr\u00e8s avoir aper\u00e7u le probl\u00e8me dans la collection,  il y a trois choses importantes \u00e0 faire:<\/p>\n<p>&#8211; les pas instants \u00e0 faire sont (1)  am\u00e9nager le plan pour la restauration \u00e0 l\u2019aide d\u2019un expert, (2) commencer le sauvetage de l\u2019objet d\u2019art : la restauration ou la conservation pr\u00e9ventive. <\/p>\n<p>&#8211; il faut d\u00e9couvrir les causes des d\u00e9g\u00e2ts et  tirer les conclusions <\/p>\n<p>&#8211; fond\u00e9 sur les exp\u00e9riences gagn\u00e9es, il faut r\u00e9soudre une strat\u00e9gie effective pour la pr\u00e9vention afin d\u2019\u00e9viter les nouveaux d\u00e9g\u00e2ts.<\/p>\n","protected":false},"excerpt":{"rendered":"<p>Apr\u00e8s avoir aper\u00e7u le probl\u00e8me dans la collection, il y a trois choses importantes \u00e0 faire: &#8211; les pas instants \u00e0 faire sont (1) am\u00e9nager le plan pour la restauration \u00e0 l\u2019aide d\u2019un expert, (2) commencer le sauvetage de l\u2019objet&hellip;<\/p>\n","protected":false},"author":1,"featured_media":0,"parent":0,"menu_order":0,"comment_status":"open","ping_status":"open","template":"","meta":{"footnotes":""},"class_list":["post-38","page","type-page","status-publish","hentry"],"aioseo_notices":[],"_links":{"self":[{"href":"https:\/\/pre-con.hu\/fr\/wp-json\/wp\/v2\/pages\/38","targetHints":{"allow":["GET"]}}],"collection":[{"href":"https:\/\/pre-con.hu\/fr\/wp-json\/wp\/v2\/pages"}],"about":[{"href":"https:\/\/pre-con.hu\/fr\/wp-json\/wp\/v2\/types\/page"}],"author":[{"embeddable":true,"href":"https:\/\/pre-con.hu\/fr\/wp-json\/wp\/v2\/users\/1"}],"replies":[{"embeddable":true,"href":"https:\/\/pre-con.hu\/fr\/wp-json\/wp\/v2\/comments?post=38"}],"version-history":[{"count":1,"href":"https:\/\/pre-con.hu\/fr\/wp-json\/wp\/v2\/pages\/38\/revisions"}],"predecessor-version":[{"id":39,"href":"https:\/\/pre-con.hu\/fr\/wp-json\/wp\/v2\/pages\/38\/revisions\/39"}],"wp:attachment":[{"href":"https:\/\/pre-con.hu\/fr\/wp-json\/wp\/v2\/media?parent=38"}],"curies":[{"name":"wp","href":"https:\/\/api.w.org\/{rel}","templated":true}]}}