{"id":41,"date":"2014-07-01T12:10:59","date_gmt":"2014-07-01T10:10:59","guid":{"rendered":"https:\/\/pre-con.hu\/fr\/?page_id=41"},"modified":"2014-07-01T12:10:59","modified_gmt":"2014-07-01T10:10:59","slug":"les-types-caracteristiques-des-degats","status":"publish","type":"page","link":"https:\/\/pre-con.hu\/fr\/les-types-caracteristiques-des-degats\/","title":{"rendered":"Les types caract\u00e9ristiques des d\u00e9g\u00e2ts"},"content":{"rendered":"<p>Selon leur origine, des d\u00e9g\u00e2ts tuant des objets d\u2019art peuvent \u00eatre group\u00e9s comme suit:<\/p>\n<p>&#8211; d\u00e9g\u00e2ts caus\u00e9s par les mat\u00e9riaux et les technologies appliqu\u00e9s pendant la pr\u00e9paration de l\u2019objet. Par exemple, les r\u00e9actions chimiques \u00e0 cause de la pr\u00e9sence des mati\u00e8res chimiquement instables, ou une vie courte caus\u00e9e par la qualit\u00e9 faible du mat\u00e9riel, ou des probl\u00e8mes dus \u00e0 une technique de pr\u00e9paration d\u00e9fectueuse.<\/p>\n<p>&#8211; d\u00e9g\u00e2ts caus\u00e9s par l\u2019usage de l\u2019objet d\u2019art. Par exemple, les d\u00e9g\u00e2ts g\u00e9n\u00e9raux\u00a0 des objets\u00a0 de\u00a0 diff\u00e9rente mesure: des usures, des d\u00e9chirures, des cassures et des pollutions.<\/p>\n<p>&#8211; d\u00e9g\u00e2ts \u00e0 cause des conditions de stockage insuffisantes. Par exemple, des d\u00e9formations et des l\u00e9sions dus au bondissement, une temp\u00e9rature inad\u00e9quate, ou les changements de volume et de structure caus\u00e9e par la plus grande mesure que permis de l\u2019humidit\u00e9 relative, de l\u2019intensit\u00e9 lumineuse ou du rayonnement ultraviolet.<\/p>\n<p>-d\u00e9g\u00e2ts caus\u00e9s par des catastrophes, par exemple, un incendie ou un d\u00e9g\u00e2t des eaux, ou bien des d\u00e9gradations au cas le sauvetage soudain qui les suit.<\/p>\n<p>&#8211; d\u00e9g\u00e2ts \u00e0 cause des abimes volontaires, par exemple, des estropiements<\/p>\n<p>&#8211; d\u00e9g\u00e2ts dus \u00e0 un traitement n\u00e9gligent ou une d\u00e9faillance. Par exemple, des probl\u00e8mes arrivant \u00e0 la suite de l\u2019utilisation\u00a0 non destin\u00e9e des remises<\/p>\n<p>&#8211; d\u00e9g\u00e2ts percevable \u00e0 cause des interventions non professionnels, ou nocives. Par exemple, des r\u00e9parations, des renforcements et des restaurations anciens.<\/p>\n<p><strong>Selon leur caract\u00e8re,\u00a0 des d\u00e9g\u00e2ts tuant des objets d\u2019art peuvent \u00eatre group\u00e9s comme suit :<\/strong><\/p>\n<p>&#8211; d\u00e9g\u00e2ts physiques. Par exemple, des usures, des ruptures, des cassures, des d\u00e9formations, des d\u00e9fauts, une structure faiblie, des d\u00e9colorations, des changements de couleur, des pollutions, etc.<\/p>\n<p>&#8211; d\u00e9g\u00e2ts biologiques. Par exemple, des d\u00e9g\u00e2ts caus\u00e9s par des bact\u00e9ries ou des champignons.<\/p>\n<p>&#8211;\u00a0 d\u00e9g\u00e2ts chimiques, Par exemple, les r\u00e9sultats des processus chimiques g\u00e9n\u00e9r\u00e9s dans les diff\u00e9rents mati\u00e8res qui constituent l\u2019objet : l\u2019acidification, l\u2019alcalisation.<\/p>\n<p>G\u00e9n\u00e9ralement, au cas d\u2019un objet d\u2019art, ses d\u00e9g\u00e2ts apparaissent accumul\u00e9s, car les effets tuant ces objets sont aussi complexes et peuvent \u00eatre les cons\u00e9quences de l\u2019un l\u2019autre.<\/p>\n<p>Pour le traitement ad\u00e9quat de l\u2019objet d\u2019art, il est essentiel de conna\u00eetre les conditions \u00e0 fond, et de trouver une solution synth\u00e9tique et globale.<\/p>\n","protected":false},"excerpt":{"rendered":"<p>Selon leur origine, des d\u00e9g\u00e2ts tuant des objets d\u2019art peuvent \u00eatre group\u00e9s comme suit: &#8211; d\u00e9g\u00e2ts caus\u00e9s par les mat\u00e9riaux et les technologies appliqu\u00e9s pendant la pr\u00e9paration de l\u2019objet. Par exemple, les r\u00e9actions chimiques \u00e0 cause de la pr\u00e9sence des&hellip;<\/p>\n","protected":false},"author":1,"featured_media":0,"parent":0,"menu_order":0,"comment_status":"open","ping_status":"open","template":"","meta":{"footnotes":""},"class_list":["post-41","page","type-page","status-publish","hentry"],"aioseo_notices":[],"_links":{"self":[{"href":"https:\/\/pre-con.hu\/fr\/wp-json\/wp\/v2\/pages\/41","targetHints":{"allow":["GET"]}}],"collection":[{"href":"https:\/\/pre-con.hu\/fr\/wp-json\/wp\/v2\/pages"}],"about":[{"href":"https:\/\/pre-con.hu\/fr\/wp-json\/wp\/v2\/types\/page"}],"author":[{"embeddable":true,"href":"https:\/\/pre-con.hu\/fr\/wp-json\/wp\/v2\/users\/1"}],"replies":[{"embeddable":true,"href":"https:\/\/pre-con.hu\/fr\/wp-json\/wp\/v2\/comments?post=41"}],"version-history":[{"count":1,"href":"https:\/\/pre-con.hu\/fr\/wp-json\/wp\/v2\/pages\/41\/revisions"}],"predecessor-version":[{"id":42,"href":"https:\/\/pre-con.hu\/fr\/wp-json\/wp\/v2\/pages\/41\/revisions\/42"}],"wp:attachment":[{"href":"https:\/\/pre-con.hu\/fr\/wp-json\/wp\/v2\/media?parent=41"}],"curies":[{"name":"wp","href":"https:\/\/api.w.org\/{rel}","templated":true}]}}