{"id":44,"date":"2014-07-01T12:12:24","date_gmt":"2014-07-01T10:12:24","guid":{"rendered":"https:\/\/pre-con.hu\/fr\/?page_id=44"},"modified":"2014-07-01T12:12:24","modified_gmt":"2014-07-01T10:12:24","slug":"restauration","status":"publish","type":"page","link":"https:\/\/pre-con.hu\/fr\/restauration\/","title":{"rendered":"Restauration"},"content":{"rendered":"<p>Sur la restauration en g\u00e9n\u00e9ral<\/p>\n<p>Si on comparait la vie des objets d\u2019art \u00e1 la vie humaine, la restauration serait \u00e9gale \u00e1 l\u2019op\u00e9ration, car notre but est le m\u00eame : on voudrait prot\u00e9ger un objet de mauvais \u00e9tat de la destruction, d\u2019une fa\u00e7on qu\u2019il soit appropri\u00e9 \u00e0 son fonction original.<br \/>\nCette fonction peut consister de plusieurs \u00e9l\u00e9ments, de la praticabilit\u00e9\u00a0 jusqu\u2019\u00e0 la transmission d\u2019un message visuel. Notre t\u00e2che est de les reconnaitre et de les pr\u00e9server autant que possible.<br \/>\nL\u2019\u00e9tat de l\u2019objet d\u2019art peut affecter le choix des proc\u00e9dures les plus appropri\u00e9s. Au cas des objets qui sont en cours d\u2019utilisation, l\u2019applicabilit\u00e9 de la fonction originale est importante. Cependant, en g\u00e9n\u00e9ral, des objets de mus\u00e9e communiquent seul visuellement avec leurs visiteurs.<\/p>\n<p>Si l\u2019objectif principal est utilisabilit\u00e9 de l\u2019objet, on a besoin de l\u2019ach\u00e8vement des travaux qui sont inutiles au cas des objets de mus\u00e9e (par exemple, certaines consolidations ou additions de la structure). Au contraire, d\u2019un point de vue visuel, dans tous les cas, il faut s\u2019efforcer de la pr\u00e9servation maximale.<\/p>\n<p>Apres un certain temps, le sort des objets d\u2019art qui restent en utilisation devient identique au sort des objets stock\u00e9s au mus\u00e9e. Leurs composants vieillissent\u00a0 irr\u00e9versiblement, donc c\u2019est juste leur vue qui nous fait plaisir. C\u2019est pour cela, il est essentiel que, dans tous les cas, le restaurateur tienne au compte l\u2019\u00e9tat visuel des objets aussi.<\/p>\n<p>La restauration a un relativement bref historique et elle est une domaine qui d\u00e9veloppe dynamiquement et continuellement. En cons\u00e9quence, on peut continuellement rencontrer les m\u00e9thodes et les mat\u00e9riaux nouvellement d\u00e9velopp\u00e9s. Par contre, on n\u2019a pas d\u2019exp\u00e9rience pratique sur les effets \u00e0 long terme de ces proc\u00e9dures.<\/p>\n<p>C\u2019est pour cela, le principe de la restauration est\u00a0 la r\u00e9versibilit\u00e9. Cela signifie qu\u2019en s\u00e9lectionnant m\u00eame les mat\u00e9riaux, m\u00eame les proc\u00e9dures, il faut prendre en compte que les mat\u00e9riaux, les ajouts et les consolidations utilis\u00e9s puissent \u00eatre enlev\u00e9s plus tard.<\/p>\n<p>Mon opinion personnelle, mon style de travail<\/p>\n<p>A mon avis, les principaux ingr\u00e9dients du travail du restaurateur sont les suivants:<br \/>\n&#8211; connaissance li\u00e9e \u00e0 la cr\u00e9ation de l\u2019objet d\u2019art<br \/>\n&#8211; connaissance li\u00e9e aux constituants de l\u2019objet d\u2019art en question<br \/>\n&#8211; connaissances g\u00e9n\u00e9rales de la chimie et des mat\u00e9riaux<br \/>\n&#8211; connaissances des \u0153uvres d\u2019art<br \/>\n&#8211; exp\u00e9rience dans le domaine de la culture visuelle<br \/>\n&#8211; ouverture pour accueillir les nouvelles connaissances<\/p>\n<p>En outre, naturellement la pratique, l\u2019attitude amicale pour des \u0153uvres d\u2019art, le respect pour les travaux des autres et l\u2019int\u00e9r\u00eat sont indispensables. Aussi, car la restauration n\u2019est pas une cr\u00e9ation artistique active,\u00a0 l\u2019humilit\u00e9 professionnelle est importante.<\/p>\n<p>Dans notre travail, dans tous les cas, on s\u2019efforce la reconnaissance de la technique \u00e0 faire originale, et puis \u00e9ventuellement, l\u2019application de cela, par l\u2019utilisation des mat\u00e9riaux originaux.<br \/>\nCependant, au cas \u00e9ch\u00e9ant, on doit le passer, car on rencontre les mat\u00e9riaux d\u00e9j\u00e0 endommag\u00e9s dont les propri\u00e9t\u00e9s et les r\u00e9actions peuvent diff\u00e9rer consid\u00e9rablement de ceux des originaux. Alors, on applique les nouveaux produits qui ont \u00e9t\u00e9 exp\u00e9riment\u00e9s par la recherche et d\u00e9j\u00e0 test\u00e9s dans la pratique avec succ\u00e8s. Pour choisir ces mat\u00e9riaux, notre consid\u00e9ration principale est leur enlevabilit\u00e9 plus tard. On applique les mat\u00e9riaux ind\u00e9l\u00e9biles dans des cas o\u00f9, sans eux, l\u2019objet sera d\u00e9truit sur une courte p\u00e9riode, mais avec eux, ce processus peut \u00eatre ralenti.<\/p>\n<p>\u00c9tant donn\u00e9 que ces renseignements sont g\u00e9n\u00e9raux, je n\u2019en viens maintenant aux cas sp\u00e9cifiques. Pendant des travaux, dans tous les cas, on demande le Client de participer aux d\u00e9cisions de m\u00eame nature. Le contact continuel et les consultations n\u00e9cessaires font une partie int\u00e9grante de nos travaux.<\/p>\n<p>Finalement, je pense que la question des additions, des restaurations et des retouches est essentielle. Leur application est n\u00e9cessaire dans de nombreux cas, des raisons de technique ou simplement d\u2019esth\u00e9tique. D\u2019un point de vue de l&#8217;efficacit\u00e9\u00a0 du travail, ces interventions sont extr\u00eamement importantes, car elles peuvent affecter le message visuel initialement port\u00e9 par l\u2019objet d\u2019art. Comme je l\u2019ai d\u00e9j\u00e0 mentionn\u00e9, souvent c\u2019est uniquement par des moyens de communication visuelle qu\u2019on peut contacter ces objets.<\/p>\n<p>C\u2019est pour cela, \u00e0 mon avis, les diff\u00e9rentes additions doivent\u00a0 s\u2019harmoniser avec l\u2019objet, pas mettant l\u2019accent sur son nouveaut\u00e9 (qui peut \u00eatre tr\u00e8s ennuyeux), mais pas cherchant sa dissimulation compl\u00e8te. On ne doit pas oublier que &#8211; pendant le temps pass\u00e9 &#8211; l\u2019objet s\u2019est form\u00e9 et s\u2019est endommag\u00e9, et notre but n\u2019est pas la falsification de son histoire, mais l\u2019aide de la m\u00e9diation du message port\u00e9 (qui est probablement chang\u00e9) par l\u2019objet m\u00eame.<\/p>\n","protected":false},"excerpt":{"rendered":"<p>Sur la restauration en g\u00e9n\u00e9ral Si on comparait la vie des objets d\u2019art \u00e1 la vie humaine, la restauration serait \u00e9gale \u00e1 l\u2019op\u00e9ration, car notre but est le m\u00eame : on voudrait prot\u00e9ger un objet de mauvais \u00e9tat de la&hellip;<\/p>\n","protected":false},"author":1,"featured_media":0,"parent":0,"menu_order":0,"comment_status":"open","ping_status":"open","template":"","meta":{"footnotes":""},"class_list":["post-44","page","type-page","status-publish","hentry"],"aioseo_notices":[],"_links":{"self":[{"href":"https:\/\/pre-con.hu\/fr\/wp-json\/wp\/v2\/pages\/44","targetHints":{"allow":["GET"]}}],"collection":[{"href":"https:\/\/pre-con.hu\/fr\/wp-json\/wp\/v2\/pages"}],"about":[{"href":"https:\/\/pre-con.hu\/fr\/wp-json\/wp\/v2\/types\/page"}],"author":[{"embeddable":true,"href":"https:\/\/pre-con.hu\/fr\/wp-json\/wp\/v2\/users\/1"}],"replies":[{"embeddable":true,"href":"https:\/\/pre-con.hu\/fr\/wp-json\/wp\/v2\/comments?post=44"}],"version-history":[{"count":1,"href":"https:\/\/pre-con.hu\/fr\/wp-json\/wp\/v2\/pages\/44\/revisions"}],"predecessor-version":[{"id":45,"href":"https:\/\/pre-con.hu\/fr\/wp-json\/wp\/v2\/pages\/44\/revisions\/45"}],"wp:attachment":[{"href":"https:\/\/pre-con.hu\/fr\/wp-json\/wp\/v2\/media?parent=44"}],"curies":[{"name":"wp","href":"https:\/\/api.w.org\/{rel}","templated":true}]}}