{"id":47,"date":"2014-07-01T12:13:53","date_gmt":"2014-07-01T10:13:53","guid":{"rendered":"https:\/\/pre-con.hu\/fr\/?page_id=47"},"modified":"2014-07-01T12:13:53","modified_gmt":"2014-07-01T10:13:53","slug":"la-conservation-preventive","status":"publish","type":"page","link":"https:\/\/pre-con.hu\/fr\/la-conservation-preventive\/","title":{"rendered":"La conservation pr\u00e9ventive"},"content":{"rendered":"<p><strong>Sa n\u00e9cessit\u00e9<\/strong><\/p>\n<p>Je voudrais comparer la conservation pr\u00e9ventive \u00e0 un traitement dans un sanatorium, car a ce stage, les dangers menacent la vie de l\u2019objet d\u2019art sont moins, ou pas encore r\u00e9alis\u00e9s. Mais si l\u2019\u00e9tat pr\u00e9sent de l\u2019objet et des conditions actuelles deviennent persistantes, le r\u00e9sultat sera n\u00e9gatif.<br \/>\nDans ce cas-l\u00e0, il est n\u00e9cessaire d\u2019exposer, d\u2019\u00e9valuer la situation, de faire des interventions instantes et de tourner les conditions \u00e0 une direction oppos\u00e9e.<\/p>\n<p>Le but de ce type d\u2019intervention est le m\u00eame que celui de la restauration, mais son mesure et sa m\u00e9thode sont diff\u00e9rentes.<\/p>\n<p>Au cas d\u2019une conservation pr\u00e9ventive, seulement certaines parties de la restauration sont r\u00e9alis\u00e9es (le nettoyage, la d\u00e9sinfection, la conservation). On insiste sur garder et prolonger l\u2019\u00e9tat accompli de cette fa\u00e7on, qu\u2019on essaie d\u2019assurer par le changement des conditions de stockage.<\/p>\n<p><strong>Son application dans la pratique<\/strong><\/p>\n<p>Au pr\u00e9sent, notre soci\u00e9t\u00e9 s\u2019occupe de la conservation pr\u00e9ventive des collections de livres de mus\u00e9e, mais la technologie \u2013 avec les changements personnalis\u00e9s &#8211; peut \u00eatre appliqu\u00e9e dans les autres d\u00e9p\u00f4ts des objets d\u2019art ou chez les collections modernes aussi.<\/p>\n<p>Le premier pas du travail et\u00a0 de reconnaitre la r\u00e9serve \u00e0 fond et d\u2019\u00e9valuer l\u2019\u00e9tat du stock. Fond\u00e9 sur \u00e7a, on d\u00e9termine les pas essentiels \u00e0 faire qui concernent les objets d\u2019art et la r\u00e9serve.<\/p>\n<p>Apres avoir conclu un accord avec le Client, on ach\u00e8ve les travaux sur site, avec le mouvement minimal et sans la perturbation de l\u2019ordre du stock.\u00a0 De cette mani\u00e8re-l\u00e0, on exclue le danger du d\u00e9veloppement des nouveaux d\u00e9g\u00e2ts.<\/p>\n<p>En cas des biblioth\u00e8ques, on emploi les travaux suivants, en g\u00e9n\u00e9ral.<br \/>\n&#8211; la d\u00e9sinfection \/sur site et dans une chambre d\u2019intoxication par l\u2019ASSS respectivement\/<br \/>\n&#8211; l\u2019\u00e9poussetage \/avec des aspirateurs sp\u00e9ciaux\/<br \/>\n&#8211; la conservation et le nettoyage humide des reliures en cuir et parchemin<br \/>\n&#8211; les r\u00e9parations mineurs sur site, la pr\u00e9paration des fixations temporaires<br \/>\n&#8211; la pr\u00e9paration des bo\u00eetes sans acide<br \/>\n&#8211; l\u2019isolation des fermetures de la chambre<br \/>\n&#8211; l\u2019am\u00e9nagement d\u2019une r\u00e8gle d\u2019a\u00e9ration, conseil sur la climatisation<\/p>\n<p><strong>Son r\u00e9sultat<\/strong><\/p>\n<p>Par la suite du traitement entier, les copies seront plus pures, sans infection, et elles deviennent plus facile \u00e0 traiter, en cons\u00e9quence.<\/p>\n<p>Sous l\u2019influence des produits de conservation, la mati\u00e8re de la reliure en cuir et en parchemin partiellement reprend son contenu d\u2019eau et de gras perdu, et elle devient plus souple, plus brillante, et plus r\u00e9sistant contre les effets de l\u2019environnement.<\/p>\n<p>A l\u2019aide des r\u00e9parations de la reliure, on peut emp\u00eacher de perdre les parties d\u00e9coll\u00e9es des volumes en mauvais \u00e9tat. En ce qui concerne les livres sans reliure ou les livres en pire \u00e9tat, on peut les garder dans une bo\u00eete \u00e1 papier sans acide jusqu\u2019\u00e0 la restauration.<\/p>\n<p>L\u2019isolation des fermetures, l\u2019am\u00e9nagement d\u2019une r\u00e8gle d\u2019a\u00e9ration, la climatisation et les plusieurs petits changements laissent le stock trait\u00e9 \u00e0 garder son \u00e9tat renouvel\u00e9 pendant beaucoup d\u2019ann\u00e9es et soulagent le travail des lecteurs, des chercheurs et des op\u00e9rateurs de la collection.<\/p>\n","protected":false},"excerpt":{"rendered":"<p>Sa n\u00e9cessit\u00e9 Je voudrais comparer la conservation pr\u00e9ventive \u00e0 un traitement dans un sanatorium, car a ce stage, les dangers menacent la vie de l\u2019objet d\u2019art sont moins, ou pas encore r\u00e9alis\u00e9s. Mais si l\u2019\u00e9tat pr\u00e9sent de l\u2019objet et des&hellip;<\/p>\n","protected":false},"author":1,"featured_media":0,"parent":0,"menu_order":0,"comment_status":"open","ping_status":"open","template":"","meta":{"footnotes":""},"class_list":["post-47","page","type-page","status-publish","hentry"],"aioseo_notices":[],"_links":{"self":[{"href":"https:\/\/pre-con.hu\/fr\/wp-json\/wp\/v2\/pages\/47","targetHints":{"allow":["GET"]}}],"collection":[{"href":"https:\/\/pre-con.hu\/fr\/wp-json\/wp\/v2\/pages"}],"about":[{"href":"https:\/\/pre-con.hu\/fr\/wp-json\/wp\/v2\/types\/page"}],"author":[{"embeddable":true,"href":"https:\/\/pre-con.hu\/fr\/wp-json\/wp\/v2\/users\/1"}],"replies":[{"embeddable":true,"href":"https:\/\/pre-con.hu\/fr\/wp-json\/wp\/v2\/comments?post=47"}],"version-history":[{"count":1,"href":"https:\/\/pre-con.hu\/fr\/wp-json\/wp\/v2\/pages\/47\/revisions"}],"predecessor-version":[{"id":48,"href":"https:\/\/pre-con.hu\/fr\/wp-json\/wp\/v2\/pages\/47\/revisions\/48"}],"wp:attachment":[{"href":"https:\/\/pre-con.hu\/fr\/wp-json\/wp\/v2\/media?parent=47"}],"curies":[{"name":"wp","href":"https:\/\/api.w.org\/{rel}","templated":true}]}}