{"id":70,"date":"2014-07-01T13:59:22","date_gmt":"2014-07-01T11:59:22","guid":{"rendered":"https:\/\/pre-con.hu\/fr\/?page_id=70"},"modified":"2014-07-01T13:59:34","modified_gmt":"2014-07-01T11:59:34","slug":"contact","status":"publish","type":"page","link":"https:\/\/pre-con.hu\/fr\/contact\/","title":{"rendered":"Contact"},"content":{"rendered":"<td><span style=\"font-size: medium;\"><strong><span style=\"font-size: large;\">Contact<\/span><br \/><\/strong><\/span><br \/><span style=\"font-size: medium;\"><strong>Pre-Con Restaur\u00e1tor Ltd.<\/strong><\/span><br \/><span style=\"font-size: medium;\"><strong>Hajdu Zs\u00f3fia Edit, directeur g\u00e9n\u00e9ral:<\/strong><\/span><\/p>\n<p><span style=\"font-size: medium;\"><strong>Portable:<\/strong> +36-20-34-44-368<\/span><br \/><span style=\"font-size: medium;\"><strong>Adresse e-mail:<\/strong> info@pre-con.hu<\/span><\/p>\n<p><span style=\"font-size: medium;\"><strong>Adresse postale:<\/strong> <\/span><br \/><span style=\"font-size: medium;\">1077 Budapest, Baross t\u00e9r 14.<\/span><\/p>\n<p><span style=\"font-size: medium;\">Si vous voulez demander une offre de prix, merci de nous contacter par t\u00e9l\u00e9phone en avance.<strong><\/strong><\/span><\/p>\n<\/td>\n","protected":false},"excerpt":{"rendered":"<p>ContactPre-Con Restaur\u00e1tor Ltd.Hajdu Zs\u00f3fia Edit, directeur g\u00e9n\u00e9ral: Portable: +36-20-34-44-368Adresse e-mail: info@pre-con.hu Adresse postale: 1077 Budapest, Baross t\u00e9r 14. Si vous voulez demander une offre de prix, merci de nous contacter par t\u00e9l\u00e9phone en avance.<\/p>\n","protected":false},"author":1,"featured_media":0,"parent":0,"menu_order":0,"comment_status":"open","ping_status":"open","template":"","meta":{"footnotes":""},"class_list":["post-70","page","type-page","status-publish","hentry"],"aioseo_notices":[],"_links":{"self":[{"href":"https:\/\/pre-con.hu\/fr\/wp-json\/wp\/v2\/pages\/70","targetHints":{"allow":["GET"]}}],"collection":[{"href":"https:\/\/pre-con.hu\/fr\/wp-json\/wp\/v2\/pages"}],"about":[{"href":"https:\/\/pre-con.hu\/fr\/wp-json\/wp\/v2\/types\/page"}],"author":[{"embeddable":true,"href":"https:\/\/pre-con.hu\/fr\/wp-json\/wp\/v2\/users\/1"}],"replies":[{"embeddable":true,"href":"https:\/\/pre-con.hu\/fr\/wp-json\/wp\/v2\/comments?post=70"}],"version-history":[{"count":1,"href":"https:\/\/pre-con.hu\/fr\/wp-json\/wp\/v2\/pages\/70\/revisions"}],"predecessor-version":[{"id":71,"href":"https:\/\/pre-con.hu\/fr\/wp-json\/wp\/v2\/pages\/70\/revisions\/71"}],"wp:attachment":[{"href":"https:\/\/pre-con.hu\/fr\/wp-json\/wp\/v2\/media?parent=70"}],"curies":[{"name":"wp","href":"https:\/\/api.w.org\/{rel}","templated":true}]}}